{"id":16520,"date":"2024-01-30T23:53:44","date_gmt":"2024-01-30T22:53:44","guid":{"rendered":"https:\/shop\/blue-dolphin-barracuda-super-strong-tape-general-purpose-grade-48mm\/"},"modified":"2024-06-03T14:47:04","modified_gmt":"2024-06-03T13:47:04","slug":"blue-dolphin-barracuda-super-strong-tape-general-purpose-grade-48mm","status":"publish","type":"product","link":"https:\/\/yourprotools.co.uk\/pl\/shop\/blue-dolphin-barracuda-super-strong-tape-general-purpose-grade-48mm\/","title":{"rendered":"Blue Dolphin BARRACUDA Super mocna ta\u015bma klej\u0105ca og\u00f3lnego zastosowania 48 mm"},"content":{"rendered":"<p>Blue Dolphin przedstawia ta\u015bm\u0119 BARRACUDA Standard Duct Tape, solidne rozwi\u0105zanie dla szeregu potrzeb naprawczych. Jej unikalna 4-warstwowa struktura, sk\u0142adaj\u0105ca si\u0119 z polietylenowej podstawy z laminowan\u0105 syntetyczn\u0105 siatk\u0105, zapewnia wyj\u0105tkow\u0105 wytrzyma\u0142o\u015b\u0107, a jednocze\u015bnie jest \u0142atwa do rozerwania. Dzi\u0119ki grubo\u015bci 140 mikron\u00f3w i charakterystycznemu srebrnemu kolorowi z niebieskim spodem, ta\u015bma ta jest nie tylko funkcjonalna, ale tak\u017ce atrakcyjna wizualnie. Doskonale nadaje si\u0119 do r\u00f3\u017cnego rodzaju napraw, zapewniaj\u0105c niezawodno\u015b\u0107 i trwa\u0142o\u015b\u0107. Ta\u015bma ma wymiary 48 mm x 50 m i jest odpowiednia zar\u00f3wno dla profesjonalist\u00f3w, jak i majsterkowicz\u00f3w.<\/p>\n<p>Kluczowe cechy:<br \/>Super mocna 4-warstwowa konstrukcja: Zapewnia trwa\u0142o\u015b\u0107 i niezawodno\u015b\u0107 podczas r\u00f3\u017cnych napraw.<br \/>\u0141atwa do rozerwania: Upraszcza aplikacj\u0119 dzi\u0119ki poprzecznemu rozdzieraniu.<br \/>Wszechstronne zastosowanie: Idealne do mocowania, wzmacniania, uszczelniania i nie tylko.<br \/>Grubo\u015b\u0107 140 mikron\u00f3w: Zapewnia solidn\u0105 wytrzyma\u0142o\u015b\u0107 i \u0142atwo\u015b\u0107 obs\u0142ugi.<br \/>Charakterystyczny wygl\u0105d: Srebrny z niebieskim spodem.<br \/>Og\u00f3lne zastosowanie: Nadaje si\u0119 do szerokiego zakresu zastosowa\u0144.<\/p>","protected":false},"excerpt":{"rendered":"<p>Blue Dolphin przedstawia BARRACUDA Standard Duct Tape, solidne rozwi\u0105zanie dla szeregu potrzeb naprawczych. Jej unikalna 4-warstwowa struktura, sk\u0142adaj\u0105ca si\u0119 z polietylenowej podstawy z laminowan\u0105 siatk\u0105 syntetyczn\u0105,...<\/p>","protected":false},"featured_media":16522,"comment_status":"open","ping_status":"closed","template":"","meta":{"_seopress_robots_primary_cat":"","_seopress_titles_title":"BARRACUDA Standard Tape: Robust Solution for Your DIY Repair Needs","_seopress_titles_desc":"Experience unmatched strength with Blue Dolphin's BARRACUDA Tape. With a 4-layer design, crosswise tearing ease, and versatile use, it's a must for your repair needs.","_seopress_robots_index":""},"product_brand":[643],"product_cat":[443],"product_tag":[],"class_list":{"0":"post-16520","1":"product","2":"type-product","3":"status-publish","4":"has-post-thumbnail","6":"product_brand-blue-dolphin","7":"product_cat-tapes","9":"first","10":"instock","11":"taxable","12":"shipping-taxable","13":"purchasable","14":"product-type-simple"},"supplier_id":null,"supplier_sku":"","barcode":null,"atum_controlled":true,"out_stock_date":null,"out_stock_threshold":null,"inheritable":false,"inbound_stock":null,"stock_on_hold":0,"sold_today":0,"sales_last_days":0,"reserved_stock":null,"customer_returns":null,"warehouse_damage":null,"lost_in_post":null,"other_logs":null,"out_stock_days":0,"lost_sales":0,"has_location":null,"update_date":"2026-04-13T07:34:19","atum_locations":[],"atum_stock_status":"instock","restock_status":false,"low_stock_amount":"","sales_update_date":"2026-04-13T07:34:19","calc_backorders":null,"_links":{"self":[{"href":"https:\/\/yourprotools.co.uk\/pl\/wp-json\/wp\/v2\/product\/16520"}],"collection":[{"href":"https:\/\/yourprotools.co.uk\/pl\/wp-json\/wp\/v2\/product"}],"about":[{"href":"https:\/\/yourprotools.co.uk\/pl\/wp-json\/wp\/v2\/types\/product"}],"replies":[{"embeddable":true,"href":"https:\/\/yourprotools.co.uk\/pl\/wp-json\/wp\/v2\/comments?post=16520"}],"wp:featuredmedia":[{"embeddable":true,"href":"https:\/\/yourprotools.co.uk\/pl\/wp-json\/wp\/v2\/media\/16522"}],"wp:attachment":[{"href":"https:\/\/yourprotools.co.uk\/pl\/wp-json\/wp\/v2\/media?parent=16520"}],"wp:term":[{"taxonomy":"product_brand","embeddable":true,"href":"https:\/\/yourprotools.co.uk\/pl\/wp-json\/wp\/v2\/product_brand?post=16520"},{"taxonomy":"product_cat","embeddable":true,"href":"https:\/\/yourprotools.co.uk\/pl\/wp-json\/wp\/v2\/product_cat?post=16520"},{"taxonomy":"product_tag","embeddable":true,"href":"https:\/\/yourprotools.co.uk\/pl\/wp-json\/wp\/v2\/product_tag?post=16520"}],"curies":[{"name":"wp","href":"https:\/\/api.w.org\/{rel}","templated":true}]}}