{"id":16592,"date":"2024-01-30T22:54:27","date_gmt":"2024-01-30T22:54:27","guid":{"rendered":"https:\/shop\/blue-dolphin-multi-purpose-utility-duck-tape-48mm\/"},"modified":"2025-01-20T13:23:36","modified_gmt":"2025-01-20T12:23:36","slug":"blue-dolphin-multi-purpose-utility-duck-tape-48mm","status":"publish","type":"product","link":"https:\/\/yourprotools.co.uk\/pl\/shop\/blue-dolphin-multi-purpose-utility-duck-tape-48mm\/","title":{"rendered":"Uniwersalna ta\u015bma klej\u0105ca Blue Dolphin 48 mm"},"content":{"rendered":"<p>Odkryj u\u017cyteczno\u015b\u0107 i wszechstronno\u015b\u0107 ta\u015bmy Blue Dolphin 150 Duct Tape. Zaprojektowana do mocowania, wzmacniania, mocowania i wzmacniania, ta ta\u015bma klasy u\u017cytkowej jest niezb\u0119dna zar\u00f3wno dla profesjonalist\u00f3w, jak i majsterkowicz\u00f3w. Jej wielowarstwowy, mocny no\u015bnik zapewnia trwa\u0142o\u015b\u0107 i \u0142atw\u0105 aplikacj\u0119, dzi\u0119ki czemu nadaje si\u0119 do wielu powierzchni. Niezale\u017cnie od tego, czy chodzi o wi\u0105zanie przedmiot\u00f3w, czy wzmacnianie materia\u0142\u00f3w, ta\u015bma ta zapewnia mocny chwyt i \u0142atwe zrywanie, usprawniaj\u0105c proces pracy. Dost\u0119pna w standardowym rozmiarze 48 mm x 50 m, oferuje zar\u00f3wno funkcjonalno\u015b\u0107, jak i wygod\u0119 w wielu kolorach.<\/p>\n<p>Kluczowe cechy:<br \/>\nWielowarstwowe mocne pod\u0142o\u017ce: Zapewnia wysok\u0105 wytrzyma\u0142o\u015b\u0107 i trwa\u0142o\u015b\u0107.<br \/>\n\u0141atwe rozdzieranie: Wygodny do szybkiej aplikacji i u\u017cytkowania.<br \/>\nMo\u017cliwo\u015b\u0107 dostosowania do wielu powierzchni: Skuteczny na r\u00f3\u017cnych powierzchniach.<br \/>\nMocny chwyt: Niezawodny uchwyt do mocowania, wzmacniania i wi\u0105zania.<br \/>\nWszechstronne kolory: Do wyboru s\u0105 kolory srebrny, czarny i bia\u0142y.<br \/>\nOg\u00f3lne zastosowanie: Idealny do r\u00f3\u017cnych zada\u0144 i projekt\u00f3w.<\/p>","protected":false},"excerpt":{"rendered":"<p>Odkryj u\u017cyteczno\u015b\u0107 i wszechstronno\u015b\u0107 ta\u015bmy Blue Dolphin 150 Duct Tape. Zaprojektowana do mocowania, wzmacniania, mocowania i wzmacniania, ta ta\u015bma u\u017cytkowa jest niezb\u0119dna zar\u00f3wno w projektach profesjonalnych, jak i majsterkowania....<\/p>","protected":false},"featured_media":16594,"comment_status":"open","ping_status":"closed","template":"","meta":{"_seopress_robots_primary_cat":"","_seopress_titles_title":"Versatile Blue Dolphin's 150 Duct Tape for DIY & Professional Use","_seopress_titles_desc":"Experience the utility & versatility of Blue Dolphin's 150 Duct Tape. Ideal for fastening, strengthening & DIY projects. Durable, easy to apply & available in multiple colours.","_seopress_robots_index":""},"product_brand":[643],"product_cat":[443],"product_tag":[],"class_list":{"0":"post-16592","1":"product","2":"type-product","3":"status-publish","4":"has-post-thumbnail","6":"product_brand-blue-dolphin","7":"product_cat-tapes","9":"first","10":"instock","11":"taxable","12":"shipping-taxable","13":"purchasable","14":"product-type-simple"},"supplier_id":null,"supplier_sku":"","barcode":null,"atum_controlled":true,"out_stock_date":null,"out_stock_threshold":null,"inheritable":false,"inbound_stock":null,"stock_on_hold":0,"sold_today":0,"sales_last_days":0,"reserved_stock":null,"customer_returns":null,"warehouse_damage":null,"lost_in_post":null,"other_logs":null,"out_stock_days":0,"lost_sales":0,"has_location":null,"update_date":"2026-05-14T11:46:13","atum_locations":[],"atum_stock_status":"instock","restock_status":false,"low_stock_amount":"","sales_update_date":"2026-05-14T11:46:13","calc_backorders":null,"_links":{"self":[{"href":"https:\/\/yourprotools.co.uk\/pl\/wp-json\/wp\/v2\/product\/16592"}],"collection":[{"href":"https:\/\/yourprotools.co.uk\/pl\/wp-json\/wp\/v2\/product"}],"about":[{"href":"https:\/\/yourprotools.co.uk\/pl\/wp-json\/wp\/v2\/types\/product"}],"replies":[{"embeddable":true,"href":"https:\/\/yourprotools.co.uk\/pl\/wp-json\/wp\/v2\/comments?post=16592"}],"wp:featuredmedia":[{"embeddable":true,"href":"https:\/\/yourprotools.co.uk\/pl\/wp-json\/wp\/v2\/media\/16594"}],"wp:attachment":[{"href":"https:\/\/yourprotools.co.uk\/pl\/wp-json\/wp\/v2\/media?parent=16592"}],"wp:term":[{"taxonomy":"product_brand","embeddable":true,"href":"https:\/\/yourprotools.co.uk\/pl\/wp-json\/wp\/v2\/product_brand?post=16592"},{"taxonomy":"product_cat","embeddable":true,"href":"https:\/\/yourprotools.co.uk\/pl\/wp-json\/wp\/v2\/product_cat?post=16592"},{"taxonomy":"product_tag","embeddable":true,"href":"https:\/\/yourprotools.co.uk\/pl\/wp-json\/wp\/v2\/product_tag?post=16592"}],"curies":[{"name":"wp","href":"https:\/\/api.w.org\/{rel}","templated":true}]}}