{"id":16713,"date":"2024-01-30T23:55:24","date_gmt":"2024-01-30T22:55:24","guid":{"rendered":"https:\/shop\/pro-builders-square-without-vials-various-sizes\/"},"modified":"2025-11-05T19:21:22","modified_gmt":"2025-11-05T18:21:22","slug":"pro-builders-square-without-vials-various-sizes","status":"publish","type":"product","link":"https:\/\/yourprotools.co.uk\/pl\/shop\/pro-builders-square-without-vials-various-sizes\/","title":{"rendered":"PRO Builders Square bez fiolek - r\u00f3\u017cne rozmiary"},"content":{"rendered":"<p><strong>PRO Builders Square bez fiolek<\/strong> to wysokiej klasy narz\u0119dzie przeznaczone dla profesjonalist\u00f3w wymagaj\u0105cych precyzyjnych pomiar\u00f3w k\u0105t\u00f3w. Anodyzowana powierzchnia o twardo\u015bci 9 na 10 w skali Mohsa zapewnia d\u0142ugotrwa\u0142\u0105 wytrzyma\u0142o\u015b\u0107 i odporno\u015b\u0107 na zu\u017cycie. Jest on produkowany w oparciu o niezawodny profil poziomicy z serii PRO600.<\/p>\n<p>Kwadrat jest wzmocniony materia\u0142em kompozytowym, zapewniaj\u0105c solidne po\u0142\u0105czenie mi\u0119dzy profilami i zachowuj\u0105c wysok\u0105 sztywno\u015b\u0107 i odporno\u015b\u0107 mechaniczn\u0105. Wzmocnienie to chroni przed efektem wyostrzania k\u0105ta 90\u00b0 w miar\u0119 up\u0142ywu czasu, zapewniaj\u0105c sta\u0142\u0105 dok\u0142adno\u015b\u0107 pracy.<\/p>\n<p>Wyposa\u017cony w elastomerowe za\u015blepki zaprojektowane w celu poch\u0142aniania si\u0142y uderzenia w przypadku pionowego upadku, kwadrat budowlany jest priorytetem zar\u00f3wno pod wzgl\u0119dem trwa\u0142o\u015bci, jak i bezpiecze\u0144stwa. Dost\u0119pny w r\u00f3\u017cnych rozmiarach, w tym 30\/40 cm, 40\/60 cm, 50\/100 cm i 60\/120 cm, zaspokaja r\u00f3\u017cnorodne potrzeby projektowe.<\/p>\n<p>Kluczowe cechy:<br \/>Wysoka twardo\u015b\u0107: Anodyzowana powierzchnia o twardo\u015bci 9 na 10 w skali Mohsa.<br \/>Wzmocnienie kompozytowe: Zapewnia trwa\u0142e po\u0142\u0105czenie profilu i integralno\u015b\u0107 k\u0105ta.<br \/>Amortyzuj\u0105ce wstrz\u0105sy za\u015blepki: Elastomerowe nak\u0142adki chroni\u0105 przed uderzeniami.<br \/>R\u00f3\u017cne rozmiary: Od 30\/40 cm do 60\/120 cm dla r\u00f3\u017cnych potrzeb projektowych.<br \/>Oparty na profilu PRO600: Sta\u0142a jako\u015b\u0107 i niezawodno\u015b\u0107.<br \/>Brak fiolek: Skupia si\u0119 na precyzyjnych pomiarach k\u0105ta bez zak\u0142\u00f3ce\u0144.<br \/>Profesjonalna klasa: idealna do precyzyjnych zada\u0144 budowlanych i stolarskich.<\/p>","protected":false},"excerpt":{"rendered":"<p>PRO Builders Square bez libelli to wysokiej klasy narz\u0119dzie przeznaczone dla profesjonalist\u00f3w wymagaj\u0105cych precyzyjnych pomiar\u00f3w k\u0105t\u00f3w. Anodyzowana powierzchnia o wysokiej twardo\u015bci 9 na 10 w...<\/p>","protected":false},"featured_media":16715,"comment_status":"closed","ping_status":"closed","template":"","meta":{"_seopress_robots_primary_cat":"","_seopress_titles_title":"Get Precise with PRO Builders Square: High Hardness & Durable Design","_seopress_titles_desc":"Experience unmatched precision with the PRO Builders Square. With a remarkable Mohs scale rating and durable profile connections, it's the professional tool for you.","_seopress_robots_index":""},"product_brand":[642],"product_cat":[683,659],"product_tag":[],"class_list":{"0":"post-16713","1":"product","2":"type-product","3":"status-publish","4":"has-post-thumbnail","6":"product_brand-pro","7":"product_cat-builders-square","8":"product_cat-levels-measuring-tools","9":"pa_type-2-30x40cm-approx-12x-16","10":"pa_type-2-40x60cm-approx-16x-24","11":"pa_type-2-50x100cm-approx-20x-39","12":"pa_type-2-60x120cm-approx-24x-47","14":"first","15":"instock","16":"taxable","17":"shipping-taxable","18":"purchasable","19":"product-type-variable"},"supplier_id":null,"supplier_sku":"","barcode":null,"atum_controlled":true,"out_stock_date":null,"out_stock_threshold":null,"inheritable":false,"inbound_stock":null,"stock_on_hold":1,"sold_today":0,"sales_last_days":0,"reserved_stock":null,"customer_returns":null,"warehouse_damage":null,"lost_in_post":null,"other_logs":null,"out_stock_days":0,"lost_sales":0,"has_location":null,"update_date":"2026-04-05T03:06:05","atum_locations":[],"atum_stock_status":"instock","restock_status":false,"low_stock_amount":"","sales_update_date":"2026-04-05T03:06:05","calc_backorders":null,"_links":{"self":[{"href":"https:\/\/yourprotools.co.uk\/pl\/wp-json\/wp\/v2\/product\/16713"}],"collection":[{"href":"https:\/\/yourprotools.co.uk\/pl\/wp-json\/wp\/v2\/product"}],"about":[{"href":"https:\/\/yourprotools.co.uk\/pl\/wp-json\/wp\/v2\/types\/product"}],"replies":[{"embeddable":true,"href":"https:\/\/yourprotools.co.uk\/pl\/wp-json\/wp\/v2\/comments?post=16713"}],"wp:featuredmedia":[{"embeddable":true,"href":"https:\/\/yourprotools.co.uk\/pl\/wp-json\/wp\/v2\/media\/16715"}],"wp:attachment":[{"href":"https:\/\/yourprotools.co.uk\/pl\/wp-json\/wp\/v2\/media?parent=16713"}],"wp:term":[{"taxonomy":"product_brand","embeddable":true,"href":"https:\/\/yourprotools.co.uk\/pl\/wp-json\/wp\/v2\/product_brand?post=16713"},{"taxonomy":"product_cat","embeddable":true,"href":"https:\/\/yourprotools.co.uk\/pl\/wp-json\/wp\/v2\/product_cat?post=16713"},{"taxonomy":"product_tag","embeddable":true,"href":"https:\/\/yourprotools.co.uk\/pl\/wp-json\/wp\/v2\/product_tag?post=16713"}],"curies":[{"name":"wp","href":"https:\/\/api.w.org\/{rel}","templated":true}]}}