{"id":16884,"date":"2024-01-30T23:57:14","date_gmt":"2024-01-30T22:57:14","guid":{"rendered":"https:\/shop\/pro-universal-screeding-level-various-sizes\/"},"modified":"2024-06-03T13:11:46","modified_gmt":"2024-06-03T12:11:46","slug":"pro-universal-screeding-level-various-sizes","status":"publish","type":"product","link":"https:\/\/yourprotools.co.uk\/pl\/shop\/pro-universal-screeding-level-various-sizes\/","title":{"rendered":"Uniwersalna poziomica PRO - r\u00f3\u017cne rozmiary"},"content":{"rendered":"<p>Uniwersalna poziomica do jastrychu \u0142\u0105czy w sobie najlepsze cechy profili trapezowych i typu H, dzi\u0119ki czemu narz\u0119dzie oferuje nie tylko zwi\u0119kszon\u0105 sztywno\u015b\u0107, ale tak\u017ce lepsz\u0105 ergonomi\u0119. Dzi\u0119ki temu doskonale nadaje si\u0119 do \"wyci\u0105gania\" tynk\u00f3w gipsowych i cementowo-wapiennych. Jego unikalna konstrukcja zapewnia zar\u00f3wno \u0142atwo\u015b\u0107 u\u017cytkowania, jak i efektywn\u0105 wydajno\u015b\u0107 w r\u00f3\u017cnych zadaniach zwi\u0105zanych z tynkowaniem.<\/p>\n<p>Dost\u0119pna w d\u0142ugo\u015bciach 150 cm, 200 cm i 240 cm, ta poziomica do jastrychu jest przeznaczona do r\u00f3\u017cnych rozmiar\u00f3w powierzchni, co czyni j\u0105 wszechstronnym wyborem zar\u00f3wno dla profesjonalnych budowniczych, jak i entuzjast\u00f3w majsterkowania. Niezale\u017cnie od tego, czy pracujesz nad projektem mieszkaniowym, czy wi\u0119kszym obiektem komercyjnym, narz\u0119dzie to zapewnia precyzj\u0119 i \u0142atwo\u015b\u0107 niezb\u0119dn\u0105 do uzyskania g\u0142adkich, r\u00f3wnych powierzchni.<\/p>\n<p>Kluczowe cechy:<br \/>Dost\u0119pne rozmiary: 150 cm, 200 cm i 240 cm, aby zaspokoi\u0107 r\u00f3\u017cnorodne potrzeby projektowe.<br \/>Podw\u00f3jny profil: \u0141\u0105czy profile trapezowy i typu H dla zwi\u0119kszenia sztywno\u015bci.<br \/>Ergonomiczna wydajno\u015b\u0107: Zaprojektowany z my\u015bl\u0105 o wygodnym i efektywnym u\u017cytkowaniu.<br \/>Wszechstronne narz\u0119dzie do tynkowania: Idealne do tynk\u00f3w gipsowych i cementowo-wapiennych.<br \/>Zastosowanie profesjonalne i dla majsterkowicz\u00f3w: Nadaje si\u0119 do r\u00f3\u017cnych \u015brodowisk budowlanych.<br \/>Trwa\u0142a konstrukcja: Zbudowany, aby sprosta\u0107 wymaganiom prac tynkarskich.<\/p>","protected":false},"excerpt":{"rendered":"<p>Uniwersalna poziomica do wylewek \u0142\u0105czy w sobie najlepsze cechy profili trapezowych i typu H, dzi\u0119ki czemu narz\u0119dzie oferuje nie tylko zwi\u0119kszon\u0105 sztywno\u015b\u0107, ale tak\u017ce lepsz\u0105 ergonomi\u0119. To sprawia, \u017ce...<\/p>","protected":false},"featured_media":16886,"comment_status":"closed","ping_status":"closed","template":"","meta":{"_seopress_robots_primary_cat":"","_seopress_titles_title":"Universal Screeding Level: Dual-Profile Plastering Tool for Pros & DIYers","_seopress_titles_desc":"Discover a unique plastering tool; Universal Screeding Level. Elevated stiffness, ergonomic design and sizes adaptable to your project. Perfect for professional builders and DIY lovers.","_seopress_robots_index":""},"product_brand":[642],"product_cat":[659,671],"product_tag":[],"class_list":{"0":"post-16884","1":"product","2":"type-product","3":"status-publish","4":"has-post-thumbnail","6":"product_brand-pro","7":"product_cat-levels-measuring-tools","8":"product_cat-screeding-levels","9":"pa_type-2-240cm","10":"pa_type-2-150cm","11":"pa_type-2-200cm","13":"first","14":"instock","15":"taxable","16":"shipping-taxable","17":"purchasable","18":"product-type-variable"},"supplier_id":null,"supplier_sku":"","barcode":null,"atum_controlled":true,"out_stock_date":null,"out_stock_threshold":null,"inheritable":true,"inbound_stock":null,"stock_on_hold":0,"sold_today":0,"sales_last_days":0,"reserved_stock":null,"customer_returns":null,"warehouse_damage":null,"lost_in_post":null,"other_logs":null,"out_stock_days":0,"lost_sales":0,"has_location":false,"update_date":"2026-04-04T02:55:54","atum_locations":[],"atum_stock_status":"instock","restock_status":false,"low_stock_amount":"","sales_update_date":"2026-04-04T02:55:54","calc_backorders":null,"_links":{"self":[{"href":"https:\/\/yourprotools.co.uk\/pl\/wp-json\/wp\/v2\/product\/16884"}],"collection":[{"href":"https:\/\/yourprotools.co.uk\/pl\/wp-json\/wp\/v2\/product"}],"about":[{"href":"https:\/\/yourprotools.co.uk\/pl\/wp-json\/wp\/v2\/types\/product"}],"replies":[{"embeddable":true,"href":"https:\/\/yourprotools.co.uk\/pl\/wp-json\/wp\/v2\/comments?post=16884"}],"wp:featuredmedia":[{"embeddable":true,"href":"https:\/\/yourprotools.co.uk\/pl\/wp-json\/wp\/v2\/media\/16886"}],"wp:attachment":[{"href":"https:\/\/yourprotools.co.uk\/pl\/wp-json\/wp\/v2\/media?parent=16884"}],"wp:term":[{"taxonomy":"product_brand","embeddable":true,"href":"https:\/\/yourprotools.co.uk\/pl\/wp-json\/wp\/v2\/product_brand?post=16884"},{"taxonomy":"product_cat","embeddable":true,"href":"https:\/\/yourprotools.co.uk\/pl\/wp-json\/wp\/v2\/product_cat?post=16884"},{"taxonomy":"product_tag","embeddable":true,"href":"https:\/\/yourprotools.co.uk\/pl\/wp-json\/wp\/v2\/product_tag?post=16884"}],"curies":[{"name":"wp","href":"https:\/\/api.w.org\/{rel}","templated":true}]}}