{"id":17031,"date":"2024-01-30T22:59:12","date_gmt":"2024-01-30T22:59:12","guid":{"rendered":"https:\/shop\/ypt-stainless-steel-mortar-pointing-trowel-set-of-5-6mm-14mm-with-cork-handle\/"},"modified":"2025-09-29T20:36:06","modified_gmt":"2025-09-29T19:36:06","slug":"ypt-stainless-steel-mortar-pointing-trowel-set-of-5-6mm-14mm-with-cork-handle","status":"publish","type":"product","link":"https:\/\/yourprotools.co.uk\/pl\/shop\/ypt-stainless-steel-mortar-pointing-trowel-set-of-5-6mm-14mm-with-cork-handle\/","title":{"rendered":"Zestaw 5 kielni do zapraw ze stali nierdzewnej YPT - 6 mm-14 mm z korkowym uchwytem"},"content":{"rendered":"<p>Zestaw kielni do spoinowania YPT Nature to idealne po\u0142\u0105czenie funkcjonalno\u015bci i wygody. Wykonane z wytrzyma\u0142ej stali nierdzewnej, kielnie te zosta\u0142y zaprojektowane tak, aby wytrzyma\u0107 pr\u00f3b\u0119 czasu, zapewniaj\u0105c precyzyjne spoinowanie cegie\u0142 i kamieni. Ergonomiczne korkowe uchwyty nie tylko oferuj\u0105 wyj\u0105tkow\u0105 estetyk\u0119, ale tak\u017ce zapewniaj\u0105 wygodny chwyt, umo\u017cliwiaj\u0105c prac\u0119 przez d\u0142u\u017cszy czas bez odczuwania zm\u0119czenia. Dzi\u0119ki czterem rozmiarom w zestawie, jeste\u015b przygotowany do szeregu zada\u0144, zapewniaj\u0105c precyzyjne wykonanie ka\u017cdej pracy. Podnie\u015b jako\u015b\u0107 swoich prac murarskich dzi\u0119ki zestawowi kielni YPT Nature. Wybierz jako\u015b\u0107, wybierz niezawodno\u015b\u0107, wybierz YPT Nature. Zaufaj Your Pro Tools, aby uzyska\u0107 niezr\u00f3wnan\u0105 wydajno\u015b\u0107 i jako\u015b\u0107. Your Pro Tools zawsze zapewnia doskona\u0142o\u015b\u0107.<\/p>\n<p>Kluczowe cechy:<br \/>\nTrwa\u0142a stal nierdzewna: Wykonany z wysokiej jako\u015bci stali nierdzewnej, zapewniaj\u0105cej trwa\u0142o\u015b\u0107 i odporno\u015b\u0107 na rdz\u0119.<br \/>\nUchwyt z naturalnego korka: Ergonomiczna konstrukcja zapewnia wygodny chwyt, zmniejszaj\u0105c zm\u0119czenie d\u0142oni.<br \/>\nWszechstronny zestaw: Zawiera kielnie w rozmiarach 14 mm, 12 mm, 10 mm, 8 mm i 6 mm, przeznaczone do r\u00f3\u017cnych zada\u0144 murarskich.<br \/>\nPrecyzyjne spoinowanie: Idealne do precyzyjnego spoinowania cegie\u0142 i kamieni.<br \/>\nWyprodukowano w Polsce: Znak najwy\u017cszej jako\u015bci i fachowego rzemios\u0142a.<\/p>","protected":false},"excerpt":{"rendered":"<p>Zestaw kielni do zapraw YPT Nature to idealne po\u0142\u0105czenie funkcjonalno\u015bci i wygody. Wykonane z wytrzyma\u0142ej stali nierdzewnej, kielnie te zosta\u0142y zaprojektowane tak, aby wytrzyma\u0107 pr\u00f3b\u0119 czasu, zapewniaj\u0105c...<\/p>","protected":false},"featured_media":17033,"comment_status":"closed","ping_status":"closed","template":"","meta":{"_seopress_robots_primary_cat":"","_seopress_titles_title":"YPT Mortar Pointing Trowel Set: Robust Stainless Steel Craftsmanship","_seopress_titles_desc":"Experience precision in masonry with YPT's stainless steel Trowels, featuring ergonomic cork handles. For quality and durability, choose Your Pro Tools.","_seopress_robots_index":""},"product_brand":[644],"product_cat":[646,645],"product_tag":[],"class_list":{"0":"post-17031","1":"product","2":"type-product","3":"status-publish","4":"has-post-thumbnail","6":"product_brand-ypt","7":"product_cat-brick-trowels","8":"product_cat-masonry-tools","10":"first","11":"instock","12":"featured","13":"taxable","14":"shipping-taxable","15":"purchasable","16":"product-type-simple"},"supplier_id":null,"supplier_sku":"","barcode":null,"atum_controlled":true,"out_stock_date":null,"out_stock_threshold":null,"inheritable":false,"inbound_stock":null,"stock_on_hold":0,"sold_today":0,"sales_last_days":0,"reserved_stock":null,"customer_returns":null,"warehouse_damage":null,"lost_in_post":null,"other_logs":null,"out_stock_days":0,"lost_sales":0,"has_location":false,"update_date":"2026-04-08T04:07:36","atum_locations":[],"atum_stock_status":"instock","restock_status":false,"low_stock_amount":"","sales_update_date":"2026-04-08T04:07:36","calc_backorders":null,"_links":{"self":[{"href":"https:\/\/yourprotools.co.uk\/pl\/wp-json\/wp\/v2\/product\/17031"}],"collection":[{"href":"https:\/\/yourprotools.co.uk\/pl\/wp-json\/wp\/v2\/product"}],"about":[{"href":"https:\/\/yourprotools.co.uk\/pl\/wp-json\/wp\/v2\/types\/product"}],"replies":[{"embeddable":true,"href":"https:\/\/yourprotools.co.uk\/pl\/wp-json\/wp\/v2\/comments?post=17031"}],"wp:featuredmedia":[{"embeddable":true,"href":"https:\/\/yourprotools.co.uk\/pl\/wp-json\/wp\/v2\/media\/17033"}],"wp:attachment":[{"href":"https:\/\/yourprotools.co.uk\/pl\/wp-json\/wp\/v2\/media?parent=17031"}],"wp:term":[{"taxonomy":"product_brand","embeddable":true,"href":"https:\/\/yourprotools.co.uk\/pl\/wp-json\/wp\/v2\/product_brand?post=17031"},{"taxonomy":"product_cat","embeddable":true,"href":"https:\/\/yourprotools.co.uk\/pl\/wp-json\/wp\/v2\/product_cat?post=17031"},{"taxonomy":"product_tag","embeddable":true,"href":"https:\/\/yourprotools.co.uk\/pl\/wp-json\/wp\/v2\/product_tag?post=17031"}],"curies":[{"name":"wp","href":"https:\/\/api.w.org\/{rel}","templated":true}]}}