{"id":17140,"date":"2024-01-31T00:00:46","date_gmt":"2024-01-30T23:00:46","guid":{"rendered":"https:\/shop\/ypt-taping-filling-knife-150-60mm-550-60mm-rubber-grip\/"},"modified":"2024-06-03T14:18:34","modified_gmt":"2024-06-03T13:18:34","slug":"ypt-taping-filling-knife-150-60mm-550-60mm-rubber-grip","status":"publish","type":"product","link":"https:\/\/yourprotools.co.uk\/pl\/shop\/ypt-taping-filling-knife-150-60mm-550-60mm-rubber-grip\/","title":{"rendered":"N\u00f3\u017c do ta\u015bmowania YPT 150\/60mm - 550\/60mm z gumowym uchwytem"},"content":{"rendered":"<p>YPT Taping Knifes Collection to najlepszy wyb\u00f3r zar\u00f3wno dla profesjonalist\u00f3w, jak i entuzjast\u00f3w majsterkowania. Ka\u017cda szpachelka z tej kolekcji zosta\u0142a skrupulatnie zaprojektowana do okre\u015blonych zada\u0144 wyko\u0144czeniowych, zapewniaj\u0105c nieskazitelne wyko\u0144czenie za ka\u017cdym razem. Wykonane z wytrzyma\u0142ej stali nierdzewnej i uzupe\u0142nione ergonomicznym, dwusk\u0142adnikowym gumowym uchwytem, szpachelki te zapewniaj\u0105 zar\u00f3wno wydajno\u015b\u0107, jak i wygod\u0119. Dost\u0119pnych jest osiem r\u00f3\u017cnych rozmiar\u00f3w, dzi\u0119ki czemu mo\u017cna je dostosowa\u0107 do r\u00f3\u017cnych zada\u0144. A dla tych, kt\u00f3rzy chc\u0105 mie\u0107 pe\u0142n\u0105 gam\u0119, nasz kompletny zestaw o\u015bmiu szpatu\u0142ek oferuje niezr\u00f3wnan\u0105 warto\u015b\u0107. Zaufaj swoim narz\u0119dziom Pro Tools, aby uzyska\u0107 niezr\u00f3wnan\u0105 wydajno\u015b\u0107 i jako\u015b\u0107.<\/p>\n<p>Kluczowe cechy:<br \/>Wszechstronna kolekcja: Do wyboru jest osiem r\u00f3\u017cnych rozmiar\u00f3w, od 150\/60 mm do 550\/60 mm.<br \/>Ergonomiczna konstrukcja: Dwusk\u0142adnikowy gumowy uchwyt zapewnia optymalny komfort i przyczepno\u015b\u0107.<br \/>Wysokiej jako\u015bci materia\u0142: Wykonany z wytrzyma\u0142ej stali nierdzewnej, zapewniaj\u0105cej precyzj\u0119 i trwa\u0142o\u015b\u0107.<br \/>Specjalne wzory: Ka\u017cda szpachelka jest przeznaczona do okre\u015blonych zada\u0144 wyko\u0144czeniowych, zapewniaj\u0105c nieskazitelne wyko\u0144czenie.<br \/>Dost\u0119pna opcja zestawu: Wybierz kompletny zestaw o\u015bmiu szpachelek, aby uzyska\u0107 kompleksowe rozwi\u0105zania do tynkowania.<br \/>Wyprodukowano w Polsce: Fachowe wykonanie z dba\u0142o\u015bci\u0105 o szczeg\u00f3\u0142y w Polsce.<\/p>","protected":false},"excerpt":{"rendered":"<p>YPT Taping Knifes Collection to najlepszy wyb\u00f3r zar\u00f3wno dla profesjonalist\u00f3w, jak i entuzjast\u00f3w majsterkowania. Ka\u017cda szpachelka z tej kolekcji zosta\u0142a skrupulatnie zaprojektowana do okre\u015blonych zada\u0144 wyko\u0144czeniowych, zapewniaj\u0105c...<\/p>","protected":false},"featured_media":17167,"comment_status":"closed","ping_status":"closed","template":"","meta":{"_seopress_robots_primary_cat":"","_seopress_titles_title":"Ultimate YPT Tapping Knives Collection | Your Pro Tools","_seopress_titles_desc":"Achieve a flawless finish with YPT's Tapping Knifes Collection. Ergonomically designed stainless steel spatulas for professionals and DIY enthusiasts. Opt for the full set!","_seopress_robots_index":""},"product_brand":[641,644],"product_cat":[648,645],"product_tag":[],"class_list":{"0":"post-17140","1":"product","2":"type-product","3":"status-publish","4":"has-post-thumbnail","6":"product_brand-your-pro-tools","7":"product_brand-ypt","8":"product_cat-joint-tapping-knives","9":"product_cat-masonry-tools","11":"first","12":"instock","13":"taxable","14":"shipping-taxable","15":"purchasable","16":"product-type-variable","17":"has-default-attributes"},"supplier_id":null,"supplier_sku":"","barcode":null,"atum_controlled":true,"out_stock_date":null,"out_stock_threshold":null,"inheritable":false,"inbound_stock":null,"stock_on_hold":0,"sold_today":0,"sales_last_days":0,"reserved_stock":null,"customer_returns":null,"warehouse_damage":null,"lost_in_post":null,"other_logs":null,"out_stock_days":0,"lost_sales":0,"has_location":null,"update_date":"2026-04-17T11:18:38","atum_locations":[],"atum_stock_status":"instock","restock_status":false,"low_stock_amount":"","sales_update_date":"2026-04-17T11:18:38","calc_backorders":null,"_links":{"self":[{"href":"https:\/\/yourprotools.co.uk\/pl\/wp-json\/wp\/v2\/product\/17140"}],"collection":[{"href":"https:\/\/yourprotools.co.uk\/pl\/wp-json\/wp\/v2\/product"}],"about":[{"href":"https:\/\/yourprotools.co.uk\/pl\/wp-json\/wp\/v2\/types\/product"}],"replies":[{"embeddable":true,"href":"https:\/\/yourprotools.co.uk\/pl\/wp-json\/wp\/v2\/comments?post=17140"}],"wp:featuredmedia":[{"embeddable":true,"href":"https:\/\/yourprotools.co.uk\/pl\/wp-json\/wp\/v2\/media\/17167"}],"wp:attachment":[{"href":"https:\/\/yourprotools.co.uk\/pl\/wp-json\/wp\/v2\/media?parent=17140"}],"wp:term":[{"taxonomy":"product_brand","embeddable":true,"href":"https:\/\/yourprotools.co.uk\/pl\/wp-json\/wp\/v2\/product_brand?post=17140"},{"taxonomy":"product_cat","embeddable":true,"href":"https:\/\/yourprotools.co.uk\/pl\/wp-json\/wp\/v2\/product_cat?post=17140"},{"taxonomy":"product_tag","embeddable":true,"href":"https:\/\/yourprotools.co.uk\/pl\/wp-json\/wp\/v2\/product_tag?post=17140"}],"curies":[{"name":"wp","href":"https:\/\/api.w.org\/{rel}","templated":true}]}}